{"id":2,"date":"2025-09-05T10:30:40","date_gmt":"2025-09-05T08:30:40","guid":{"rendered":"https:\/\/resa.chambresavecvue.com\/?page_id=2"},"modified":"2026-03-13T19:30:32","modified_gmt":"2026-03-13T18:30:32","slug":"accueil","status":"publish","type":"page","link":"https:\/\/resa.chambresavecvue.com\/","title":{"rendered":"r\u00e9server en ligne votre Chambre avec Vue"},"content":{"rendered":"\t\t<div data-elementor-type=\"wp-page\" data-elementor-id=\"2\" class=\"elementor elementor-2\">\n\t\t\t\t<div class=\"elementor-element elementor-element-4917a92 e-con-full e-flex e-con e-parent\" data-id=\"4917a92\" data-element_type=\"container\" data-e-type=\"container\">\n\t\t\t\t<div class=\"elementor-element elementor-element-f92718c elementor-widget elementor-widget-text-editor\" data-id=\"f92718c\" data-element_type=\"widget\" data-e-type=\"widget\" data-widget_type=\"text-editor.default\">\n\t\t\t\t\t\t\t\t\t<p>En r\u00e9servant directement sur le site, vous b\u00e9n\u00e9ficiez d\u2019un tarif pr\u00e9f\u00e9rentiel : \u00e0 partir de 120\u20ac jusqu\u2019\u00e0 160\u20ac la nuit pour deux, petit-d\u00e9jeuner et taxe de s\u00e9jour compris.<\/p><p>Avec <a href=\"http:\/\/Booking.com\">Booking <\/a>, les prix sont jusqu\u2019\u00e0 20 % plus \u00e9lev\u00e9s, d\u00fb aux frais de commission de la plateforme.<\/p>\t\t\t\t\t\t\t\t<\/div>\n\t\t\t\t<div class=\"elementor-element elementor-element-b4a8b82 elementor-widget elementor-widget-shortcode\" data-id=\"b4a8b82\" data-element_type=\"widget\" data-e-type=\"widget\" data-widget_type=\"shortcode.default\">\n\t\t\t\t\t\t\t<div class=\"elementor-shortcode\"> <\/div>\n\t\t\t\t\t\t<\/div>\n\t\t\t\t<\/div>\n\t\t<div class=\"elementor-element elementor-element-4740744 e-flex e-con-boxed e-con e-parent\" data-id=\"4740744\" data-element_type=\"container\" data-e-type=\"container\">\n\t\t\t\t\t<div class=\"e-con-inner\">\n\t\t\t\t<div class=\"elementor-element elementor-element-0a5ed13 elementor-widget elementor-widget-shortcode\" data-id=\"0a5ed13\" data-element_type=\"widget\" data-e-type=\"widget\" data-widget_type=\"shortcode.default\">\n\t\t\t\t\t\t\t<div class=\"elementor-shortcode\"> <\/div>\n\t\t\t\t\t\t<\/div>\n\t\t\t\t\t<\/div>\n\t\t\t\t<\/div>\n\t\t<div class=\"elementor-element elementor-element-1db2e1a e-flex e-con-boxed e-con e-parent\" data-id=\"1db2e1a\" data-element_type=\"container\" data-e-type=\"container\">\n\t\t\t\t\t<div class=\"e-con-inner\">\n\t\t\t\t<div class=\"elementor-element elementor-element-fad454f elementor-widget elementor-widget-button\" data-id=\"fad454f\" data-element_type=\"widget\" data-e-type=\"widget\" data-widget_type=\"button.default\">\n\t\t\t\t\t\t\t\t\t\t<a class=\"elementor-button elementor-button-link elementor-size-sm elementor-animation-shrink\" href=\"https:\/\/chambresavecvue.com\">\n\t\t\t\t\t\t<span class=\"elementor-button-content-wrapper\">\n\t\t\t\t\t\t\t\t\t<span class=\"elementor-button-text\">revenir sur le site Chambres avec Vue <\/span>\n\t\t\t\t\t<\/span>\n\t\t\t\t\t<\/a>\n\t\t\t\t\t\t\t\t<\/div>\n\t\t\t\t\t<\/div>\n\t\t\t\t<\/div>\n\t\t<div class=\"elementor-element elementor-element-96e7846 e-grid e-con-boxed e-con e-parent\" data-id=\"96e7846\" data-element_type=\"container\" data-e-type=\"container\">\n\t\t\t\t\t<div class=\"e-con-inner\">\n\t\t\t\t<div class=\"elementor-element elementor-element-969deee elementor-align-center elementor-widget elementor-widget-button\" data-id=\"969deee\" data-element_type=\"widget\" data-e-type=\"widget\" data-widget_type=\"button.default\">\n\t\t\t\t\t\t\t\t\t\t<a class=\"elementor-button elementor-button-link elementor-size-sm\" href=\"mailto:idewaste@gmail.com\">\n\t\t\t\t\t\t<span class=\"elementor-button-content-wrapper\">\n\t\t\t\t\t\t\t\t\t<span class=\"elementor-button-text\">idewaste@gmail.com<\/span>\n\t\t\t\t\t<\/span>\n\t\t\t\t\t<\/a>\n\t\t\t\t\t\t\t\t<\/div>\n\t\t\t\t<div class=\"elementor-element elementor-element-1c6b599 elementor-widget elementor-widget-text-editor\" data-id=\"1c6b599\" data-element_type=\"widget\" data-e-type=\"widget\" data-widget_type=\"text-editor.default\">\n\t\t\t\t\t\t\t\t\t<p>t\u00e9l +(33) 658870703<\/p>\t\t\t\t\t\t\t\t<\/div>\n\t\t\t\t\t<\/div>\n\t\t\t\t<\/div>\n\t\t<div class=\"elementor-element elementor-element-14f7934 e-flex e-con-boxed e-con e-parent\" data-id=\"14f7934\" data-element_type=\"container\" data-e-type=\"container\">\n\t\t\t\t\t<div class=\"e-con-inner\">\n\t\t\t\t\t<\/div>\n\t\t\t\t<\/div>\n\t\t<div class=\"elementor-element elementor-element-8d378d9 e-flex e-con-boxed e-con e-parent\" data-id=\"8d378d9\" data-element_type=\"container\" data-e-type=\"container\">\n\t\t\t\t\t<div class=\"e-con-inner\">\n\t\t\t\t\t<\/div>\n\t\t\t\t<\/div>\n\t\t\t\t<\/div>\n\t\t","protected":false},"excerpt":{"rendered":"<p>En r\u00e9servant directement sur le site, vous b\u00e9n\u00e9ficiez d\u2019un tarif pr\u00e9f\u00e9rentiel : \u00e0 partir de 120\u20ac jusqu\u2019\u00e0 160\u20ac la nuit pour deux, petit-d\u00e9jeuner et taxe de s\u00e9jour compris. Avec Booking , les prix sont jusqu\u2019\u00e0 20 % plus \u00e9lev\u00e9s, d\u00fb aux frais de commission de la plateforme. revenir sur le site Chambres avec Vue idewaste@gmail.com [&hellip;]<\/p>\n","protected":false},"author":1,"featured_media":52,"parent":0,"menu_order":0,"comment_status":"closed","ping_status":"open","template":"elementor_header_footer","meta":{"ocean_post_layout":"","ocean_both_sidebars_style":"","ocean_both_sidebars_content_width":0,"ocean_both_sidebars_sidebars_width":0,"ocean_sidebar":"","ocean_second_sidebar":"","ocean_disable_margins":"enable","ocean_add_body_class":"","ocean_shortcode_before_top_bar":"","ocean_shortcode_after_top_bar":"","ocean_shortcode_before_header":"","ocean_shortcode_after_header":"","ocean_has_shortcode":"","ocean_shortcode_after_title":"","ocean_shortcode_before_footer_widgets":"","ocean_shortcode_after_footer_widgets":"","ocean_shortcode_before_footer_bottom":"","ocean_shortcode_after_footer_bottom":"","ocean_display_top_bar":"default","ocean_display_header":"default","ocean_header_style":"","ocean_center_header_left_menu":"","ocean_custom_header_template":"","ocean_custom_logo":0,"ocean_custom_retina_logo":0,"ocean_custom_logo_max_width":0,"ocean_custom_logo_tablet_max_width":0,"ocean_custom_logo_mobile_max_width":0,"ocean_custom_logo_max_height":0,"ocean_custom_logo_tablet_max_height":0,"ocean_custom_logo_mobile_max_height":0,"ocean_header_custom_menu":"","ocean_menu_typo_font_family":"","ocean_menu_typo_font_subset":"","ocean_menu_typo_font_size":0,"ocean_menu_typo_font_size_tablet":0,"ocean_menu_typo_font_size_mobile":0,"ocean_menu_typo_font_size_unit":"px","ocean_menu_typo_font_weight":"","ocean_menu_typo_font_weight_tablet":"","ocean_menu_typo_font_weight_mobile":"","ocean_menu_typo_transform":"","ocean_menu_typo_transform_tablet":"","ocean_menu_typo_transform_mobile":"","ocean_menu_typo_line_height":0,"ocean_menu_typo_line_height_tablet":0,"ocean_menu_typo_line_height_mobile":0,"ocean_menu_typo_line_height_unit":"","ocean_menu_typo_spacing":0,"ocean_menu_typo_spacing_tablet":0,"ocean_menu_typo_spacing_mobile":0,"ocean_menu_typo_spacing_unit":"","ocean_menu_link_color":"","ocean_menu_link_color_hover":"","ocean_menu_link_color_active":"","ocean_menu_link_background":"","ocean_menu_link_hover_background":"","ocean_menu_link_active_background":"","ocean_menu_social_links_bg":"","ocean_menu_social_hover_links_bg":"","ocean_menu_social_links_color":"","ocean_menu_social_hover_links_color":"","ocean_disable_title":"default","ocean_disable_heading":"default","ocean_post_title":"","ocean_post_subheading":"","ocean_post_title_style":"","ocean_post_title_background_color":"","ocean_post_title_background":0,"ocean_post_title_bg_image_position":"","ocean_post_title_bg_image_attachment":"","ocean_post_title_bg_image_repeat":"","ocean_post_title_bg_image_size":"","ocean_post_title_height":0,"ocean_post_title_bg_overlay":0.5,"ocean_post_title_bg_overlay_color":"","ocean_disable_breadcrumbs":"default","ocean_breadcrumbs_color":"","ocean_breadcrumbs_separator_color":"","ocean_breadcrumbs_links_color":"","ocean_breadcrumbs_links_hover_color":"","ocean_display_footer_widgets":"default","ocean_display_footer_bottom":"default","ocean_custom_footer_template":"","footnotes":""},"class_list":["post-2","page","type-page","status-publish","has-post-thumbnail","hentry","entry","has-media"],"yoast_head":"<!-- This site is optimized with the Yoast SEO plugin v27.5 - https:\/\/yoast.com\/product\/yoast-seo-wordpress\/ -->\n<title>r\u00e9server en ligne votre Chambre avec Vue -<\/title>\n<meta name=\"robots\" content=\"index, follow, max-snippet:-1, max-image-preview:large, max-video-preview:-1\" \/>\n<link rel=\"canonical\" href=\"https:\/\/resa.chambresavecvue.com\/\" \/>\n<meta property=\"og:locale\" content=\"fr_FR\" \/>\n<meta property=\"og:type\" content=\"article\" \/>\n<meta property=\"og:title\" content=\"r\u00e9server en ligne votre Chambre avec Vue -\" \/>\n<meta property=\"og:description\" content=\"En r\u00e9servant directement sur le site, vous b\u00e9n\u00e9ficiez d\u2019un tarif pr\u00e9f\u00e9rentiel : \u00e0 partir de 120\u20ac jusqu\u2019\u00e0 160\u20ac la nuit pour deux, petit-d\u00e9jeuner et taxe de s\u00e9jour compris. Avec Booking , les prix sont jusqu\u2019\u00e0 20 % plus \u00e9lev\u00e9s, d\u00fb aux frais de commission de la plateforme. revenir sur le site Chambres avec Vue idewaste@gmail.com [&hellip;]\" \/>\n<meta property=\"og:url\" content=\"https:\/\/resa.chambresavecvue.com\/\" \/>\n<meta property=\"article:modified_time\" content=\"2026-03-13T18:30:32+00:00\" \/>\n<meta property=\"og:image\" content=\"https:\/\/resa.chambresavecvue.com\/wp-content\/uploads\/2026\/02\/logoGrand.jpg\" \/>\n\t<meta property=\"og:image:width\" content=\"1024\" \/>\n\t<meta property=\"og:image:height\" content=\"737\" \/>\n\t<meta property=\"og:image:type\" content=\"image\/jpeg\" \/>\n<meta name=\"twitter:card\" content=\"summary_large_image\" \/>\n<meta name=\"twitter:label1\" content=\"Dur\u00e9e de lecture estim\u00e9e\" \/>\n\t<meta name=\"twitter:data1\" content=\"1 minute\" \/>\n<script type=\"application\/ld+json\" class=\"yoast-schema-graph\">{\"@context\":\"https:\\\/\\\/schema.org\",\"@graph\":[{\"@type\":\"WebPage\",\"@id\":\"https:\\\/\\\/resa.chambresavecvue.com\\\/\",\"url\":\"https:\\\/\\\/resa.chambresavecvue.com\\\/\",\"name\":\"r\u00e9server en ligne votre Chambre avec Vue -\",\"isPartOf\":{\"@id\":\"https:\\\/\\\/resa.chambresavecvue.com\\\/#website\"},\"primaryImageOfPage\":{\"@id\":\"https:\\\/\\\/resa.chambresavecvue.com\\\/#primaryimage\"},\"image\":{\"@id\":\"https:\\\/\\\/resa.chambresavecvue.com\\\/#primaryimage\"},\"thumbnailUrl\":\"https:\\\/\\\/resa.chambresavecvue.com\\\/wp-content\\\/uploads\\\/2026\\\/02\\\/logoGrand.jpg\",\"datePublished\":\"2025-09-05T08:30:40+00:00\",\"dateModified\":\"2026-03-13T18:30:32+00:00\",\"breadcrumb\":{\"@id\":\"https:\\\/\\\/resa.chambresavecvue.com\\\/#breadcrumb\"},\"inLanguage\":\"fr-FR\",\"potentialAction\":[{\"@type\":\"ReadAction\",\"target\":[\"https:\\\/\\\/resa.chambresavecvue.com\\\/\"]}]},{\"@type\":\"ImageObject\",\"inLanguage\":\"fr-FR\",\"@id\":\"https:\\\/\\\/resa.chambresavecvue.com\\\/#primaryimage\",\"url\":\"https:\\\/\\\/resa.chambresavecvue.com\\\/wp-content\\\/uploads\\\/2026\\\/02\\\/logoGrand.jpg\",\"contentUrl\":\"https:\\\/\\\/resa.chambresavecvue.com\\\/wp-content\\\/uploads\\\/2026\\\/02\\\/logoGrand.jpg\",\"width\":1024,\"height\":737},{\"@type\":\"BreadcrumbList\",\"@id\":\"https:\\\/\\\/resa.chambresavecvue.com\\\/#breadcrumb\",\"itemListElement\":[{\"@type\":\"ListItem\",\"position\":1,\"name\":\"Home\",\"item\":\"https:\\\/\\\/resa.chambresavecvue.com\\\/\"},{\"@type\":\"ListItem\",\"position\":2,\"name\":\"r\u00e9server en ligne votre Chambre avec Vue\"}]},{\"@type\":\"WebSite\",\"@id\":\"https:\\\/\\\/resa.chambresavecvue.com\\\/#website\",\"url\":\"https:\\\/\\\/resa.chambresavecvue.com\\\/\",\"name\":\"\",\"description\":\"pour un s\u00e9jour en Baie de Somme\",\"potentialAction\":[{\"@type\":\"SearchAction\",\"target\":{\"@type\":\"EntryPoint\",\"urlTemplate\":\"https:\\\/\\\/resa.chambresavecvue.com\\\/?s={search_term_string}\"},\"query-input\":{\"@type\":\"PropertyValueSpecification\",\"valueRequired\":true,\"valueName\":\"search_term_string\"}}],\"inLanguage\":\"fr-FR\"}]}<\/script>\n<!-- \/ Yoast SEO plugin. -->","yoast_head_json":{"title":"r\u00e9server en ligne votre Chambre avec Vue -","robots":{"index":"index","follow":"follow","max-snippet":"max-snippet:-1","max-image-preview":"max-image-preview:large","max-video-preview":"max-video-preview:-1"},"canonical":"https:\/\/resa.chambresavecvue.com\/","og_locale":"fr_FR","og_type":"article","og_title":"r\u00e9server en ligne votre Chambre avec Vue -","og_description":"En r\u00e9servant directement sur le site, vous b\u00e9n\u00e9ficiez d\u2019un tarif pr\u00e9f\u00e9rentiel : \u00e0 partir de 120\u20ac jusqu\u2019\u00e0 160\u20ac la nuit pour deux, petit-d\u00e9jeuner et taxe de s\u00e9jour compris. Avec Booking , les prix sont jusqu\u2019\u00e0 20 % plus \u00e9lev\u00e9s, d\u00fb aux frais de commission de la plateforme. revenir sur le site Chambres avec Vue idewaste@gmail.com [&hellip;]","og_url":"https:\/\/resa.chambresavecvue.com\/","article_modified_time":"2026-03-13T18:30:32+00:00","og_image":[{"width":1024,"height":737,"url":"https:\/\/resa.chambresavecvue.com\/wp-content\/uploads\/2026\/02\/logoGrand.jpg","type":"image\/jpeg"}],"twitter_card":"summary_large_image","twitter_misc":{"Dur\u00e9e de lecture estim\u00e9e":"1 minute"},"schema":{"@context":"https:\/\/schema.org","@graph":[{"@type":"WebPage","@id":"https:\/\/resa.chambresavecvue.com\/","url":"https:\/\/resa.chambresavecvue.com\/","name":"r\u00e9server en ligne votre Chambre avec Vue -","isPartOf":{"@id":"https:\/\/resa.chambresavecvue.com\/#website"},"primaryImageOfPage":{"@id":"https:\/\/resa.chambresavecvue.com\/#primaryimage"},"image":{"@id":"https:\/\/resa.chambresavecvue.com\/#primaryimage"},"thumbnailUrl":"https:\/\/resa.chambresavecvue.com\/wp-content\/uploads\/2026\/02\/logoGrand.jpg","datePublished":"2025-09-05T08:30:40+00:00","dateModified":"2026-03-13T18:30:32+00:00","breadcrumb":{"@id":"https:\/\/resa.chambresavecvue.com\/#breadcrumb"},"inLanguage":"fr-FR","potentialAction":[{"@type":"ReadAction","target":["https:\/\/resa.chambresavecvue.com\/"]}]},{"@type":"ImageObject","inLanguage":"fr-FR","@id":"https:\/\/resa.chambresavecvue.com\/#primaryimage","url":"https:\/\/resa.chambresavecvue.com\/wp-content\/uploads\/2026\/02\/logoGrand.jpg","contentUrl":"https:\/\/resa.chambresavecvue.com\/wp-content\/uploads\/2026\/02\/logoGrand.jpg","width":1024,"height":737},{"@type":"BreadcrumbList","@id":"https:\/\/resa.chambresavecvue.com\/#breadcrumb","itemListElement":[{"@type":"ListItem","position":1,"name":"Home","item":"https:\/\/resa.chambresavecvue.com\/"},{"@type":"ListItem","position":2,"name":"r\u00e9server en ligne votre Chambre avec Vue"}]},{"@type":"WebSite","@id":"https:\/\/resa.chambresavecvue.com\/#website","url":"https:\/\/resa.chambresavecvue.com\/","name":"","description":"pour un s\u00e9jour en Baie de Somme","potentialAction":[{"@type":"SearchAction","target":{"@type":"EntryPoint","urlTemplate":"https:\/\/resa.chambresavecvue.com\/?s={search_term_string}"},"query-input":{"@type":"PropertyValueSpecification","valueRequired":true,"valueName":"search_term_string"}}],"inLanguage":"fr-FR"}]}},"_links":{"self":[{"href":"https:\/\/resa.chambresavecvue.com\/index.php?rest_route=\/wp\/v2\/pages\/2","targetHints":{"allow":["GET"]}}],"collection":[{"href":"https:\/\/resa.chambresavecvue.com\/index.php?rest_route=\/wp\/v2\/pages"}],"about":[{"href":"https:\/\/resa.chambresavecvue.com\/index.php?rest_route=\/wp\/v2\/types\/page"}],"author":[{"embeddable":true,"href":"https:\/\/resa.chambresavecvue.com\/index.php?rest_route=\/wp\/v2\/users\/1"}],"replies":[{"embeddable":true,"href":"https:\/\/resa.chambresavecvue.com\/index.php?rest_route=%2Fwp%2Fv2%2Fcomments&post=2"}],"version-history":[{"count":37,"href":"https:\/\/resa.chambresavecvue.com\/index.php?rest_route=\/wp\/v2\/pages\/2\/revisions"}],"predecessor-version":[{"id":128,"href":"https:\/\/resa.chambresavecvue.com\/index.php?rest_route=\/wp\/v2\/pages\/2\/revisions\/128"}],"wp:featuredmedia":[{"embeddable":true,"href":"https:\/\/resa.chambresavecvue.com\/index.php?rest_route=\/wp\/v2\/media\/52"}],"wp:attachment":[{"href":"https:\/\/resa.chambresavecvue.com\/index.php?rest_route=%2Fwp%2Fv2%2Fmedia&parent=2"}],"curies":[{"name":"wp","href":"https:\/\/api.w.org\/{rel}","templated":true}]}}